{"id":795,"date":"2026-03-16T20:20:18","date_gmt":"2026-03-16T20:20:18","guid":{"rendered":"https:\/\/semaxbrasil.com.br\/?post_type=product&#038;p=795"},"modified":"2026-03-23T11:25:46","modified_gmt":"2026-03-23T11:25:46","slug":"bolsa-tiracolo-gussaci-gs40017","status":"publish","type":"product","link":"https:\/\/semaxbrasil.com.br\/?product=bolsa-tiracolo-gussaci-gs40017","title":{"rendered":"Bolsa Tiracolo Gussaci &#8211; GS40017"},"content":{"rendered":"<p class=\"p2\">Confeccionada em material dublado e texturizado com monograma \u00bb Chaveiros incluso \u00bb Metais light gold.<\/p>\n<p>&nbsp;<\/p>\n","protected":false},"excerpt":{"rendered":"<p class=\"p2\">Uma linha de bolsas que celebra o cl\u00e1ssico atemporal por meio de\u00a0<strong>padronagens ic\u00f4nicas,\u00a0<\/strong>acabamentos sofisticados e eleg\u00e2ncia duradoura. Tradi\u00e7\u00e3o e moda se encontram em pe\u00e7as feitas para atravessar tend\u00eancias.<\/p>\n","protected":false},"featured_media":1106,"comment_status":"open","ping_status":"closed","template":"","meta":[],"product_brand":[],"product_cat":[92,91],"product_tag":[],"class_list":{"0":"post-795","1":"product","2":"type-product","3":"status-publish","4":"has-post-thumbnail","6":"product_cat-gussaci","7":"product_cat-inverno-2026","8":"pa_tipo-tiracolo","10":"first","11":"instock","12":"shipping-taxable","13":"product-type-simple"},"_links":{"self":[{"href":"https:\/\/semaxbrasil.com.br\/index.php?rest_route=\/wp\/v2\/product\/795","targetHints":{"allow":["GET"]}}],"collection":[{"href":"https:\/\/semaxbrasil.com.br\/index.php?rest_route=\/wp\/v2\/product"}],"about":[{"href":"https:\/\/semaxbrasil.com.br\/index.php?rest_route=\/wp\/v2\/types\/product"}],"replies":[{"embeddable":true,"href":"https:\/\/semaxbrasil.com.br\/index.php?rest_route=%2Fwp%2Fv2%2Fcomments&post=795"}],"wp:featuredmedia":[{"embeddable":true,"href":"https:\/\/semaxbrasil.com.br\/index.php?rest_route=\/wp\/v2\/media\/1106"}],"wp:attachment":[{"href":"https:\/\/semaxbrasil.com.br\/index.php?rest_route=%2Fwp%2Fv2%2Fmedia&parent=795"}],"wp:term":[{"taxonomy":"product_brand","embeddable":true,"href":"https:\/\/semaxbrasil.com.br\/index.php?rest_route=%2Fwp%2Fv2%2Fproduct_brand&post=795"},{"taxonomy":"product_cat","embeddable":true,"href":"https:\/\/semaxbrasil.com.br\/index.php?rest_route=%2Fwp%2Fv2%2Fproduct_cat&post=795"},{"taxonomy":"product_tag","embeddable":true,"href":"https:\/\/semaxbrasil.com.br\/index.php?rest_route=%2Fwp%2Fv2%2Fproduct_tag&post=795"}],"curies":[{"name":"wp","href":"https:\/\/api.w.org\/{rel}","templated":true}]}}