{"id":584,"date":"2026-02-17T16:08:02","date_gmt":"2026-02-17T16:08:02","guid":{"rendered":"https:\/\/semaxbrasil.com.br\/?post_type=product&#038;p=584"},"modified":"2026-03-22T21:34:21","modified_gmt":"2026-03-22T21:34:21","slug":"kit-necessaire-simples-oficial-minnie-mouse-mn26101","status":"publish","type":"product","link":"https:\/\/semaxbrasil.com.br\/?product=kit-necessaire-simples-oficial-minnie-mouse-mn26101","title":{"rendered":"Kit Necessaire Simples Oficial Minnie Mouse &#8211; MN26101"},"content":{"rendered":"<p class=\"p2\">Confeccionadas em PVC com estampas personalizadas &gt;&gt; Forro com prote\u00e7\u00e3o em PVC Pl\u00e1stico<\/p>\n","protected":false},"excerpt":{"rendered":"<p class=\"p2\">Chegaram as novas necessaires Hello Kitty. Com uma est\u00e9tica pop divertida e cheia de atitude, elas s\u00e3o perfeitas pra quem ama brilhar com estilo.<\/p>\n","protected":false},"featured_media":1081,"comment_status":"open","ping_status":"closed","template":"","meta":[],"product_brand":[],"product_cat":[27,75],"product_tag":[],"class_list":{"0":"post-584","1":"product","2":"type-product","3":"status-publish","4":"has-post-thumbnail","6":"product_cat-acessorios","7":"product_cat-verao26","8":"pa_cor-preto","9":"pa_cor-vermelho","10":"pa_tipo-necessaire","12":"first","13":"instock","14":"shipping-taxable","15":"product-type-simple"},"_links":{"self":[{"href":"https:\/\/semaxbrasil.com.br\/index.php?rest_route=\/wp\/v2\/product\/584","targetHints":{"allow":["GET"]}}],"collection":[{"href":"https:\/\/semaxbrasil.com.br\/index.php?rest_route=\/wp\/v2\/product"}],"about":[{"href":"https:\/\/semaxbrasil.com.br\/index.php?rest_route=\/wp\/v2\/types\/product"}],"replies":[{"embeddable":true,"href":"https:\/\/semaxbrasil.com.br\/index.php?rest_route=%2Fwp%2Fv2%2Fcomments&post=584"}],"wp:featuredmedia":[{"embeddable":true,"href":"https:\/\/semaxbrasil.com.br\/index.php?rest_route=\/wp\/v2\/media\/1081"}],"wp:attachment":[{"href":"https:\/\/semaxbrasil.com.br\/index.php?rest_route=%2Fwp%2Fv2%2Fmedia&parent=584"}],"wp:term":[{"taxonomy":"product_brand","embeddable":true,"href":"https:\/\/semaxbrasil.com.br\/index.php?rest_route=%2Fwp%2Fv2%2Fproduct_brand&post=584"},{"taxonomy":"product_cat","embeddable":true,"href":"https:\/\/semaxbrasil.com.br\/index.php?rest_route=%2Fwp%2Fv2%2Fproduct_cat&post=584"},{"taxonomy":"product_tag","embeddable":true,"href":"https:\/\/semaxbrasil.com.br\/index.php?rest_route=%2Fwp%2Fv2%2Fproduct_tag&post=584"}],"curies":[{"name":"wp","href":"https:\/\/api.w.org\/{rel}","templated":true}]}}