{"id":579,"date":"2026-02-17T16:08:02","date_gmt":"2026-02-17T16:08:02","guid":{"rendered":"https:\/\/semaxbrasil.com.br\/?post_type=product&#038;p=579"},"modified":"2026-03-22T21:33:35","modified_gmt":"2026-03-22T21:33:35","slug":"necessaire-simples-oficial-hello-kitty-hk26095","status":"publish","type":"product","link":"https:\/\/semaxbrasil.com.br\/?product=necessaire-simples-oficial-hello-kitty-hk26095","title":{"rendered":"Necessaire Simples Oficial Hello Kitty &#8211; HK26095"},"content":{"rendered":"<p class=\"p2\">Confeccionadas em nylon com matelass\u00ea &gt;&gt; Metais vermelhos &gt;&gt; Forro com prote\u00e7\u00e3o em PVC pl\u00e1tico<\/p>\n","protected":false},"excerpt":{"rendered":"<p class=\"p2\">Chegaram as novas necessaires Hello Kitty. Com uma est\u00e9tica pop divertida e cheia de atitude, elas s\u00e3o perfeitas pra quem ama brilhar com estilo.<\/p>\n","protected":false},"featured_media":1065,"comment_status":"open","ping_status":"closed","template":"","meta":[],"product_brand":[],"product_cat":[27,76,75],"product_tag":[],"class_list":{"0":"post-579","1":"product","2":"type-product","3":"status-publish","4":"has-post-thumbnail","6":"product_cat-acessorios","7":"product_cat-hello-kitty","8":"product_cat-verao26","9":"pa_cor-preto","10":"pa_cor-rosa","11":"pa_cor-vermelho","12":"pa_tipo-necessaire","14":"first","15":"instock","16":"shipping-taxable","17":"product-type-simple"},"_links":{"self":[{"href":"https:\/\/semaxbrasil.com.br\/index.php?rest_route=\/wp\/v2\/product\/579","targetHints":{"allow":["GET"]}}],"collection":[{"href":"https:\/\/semaxbrasil.com.br\/index.php?rest_route=\/wp\/v2\/product"}],"about":[{"href":"https:\/\/semaxbrasil.com.br\/index.php?rest_route=\/wp\/v2\/types\/product"}],"replies":[{"embeddable":true,"href":"https:\/\/semaxbrasil.com.br\/index.php?rest_route=%2Fwp%2Fv2%2Fcomments&post=579"}],"wp:featuredmedia":[{"embeddable":true,"href":"https:\/\/semaxbrasil.com.br\/index.php?rest_route=\/wp\/v2\/media\/1065"}],"wp:attachment":[{"href":"https:\/\/semaxbrasil.com.br\/index.php?rest_route=%2Fwp%2Fv2%2Fmedia&parent=579"}],"wp:term":[{"taxonomy":"product_brand","embeddable":true,"href":"https:\/\/semaxbrasil.com.br\/index.php?rest_route=%2Fwp%2Fv2%2Fproduct_brand&post=579"},{"taxonomy":"product_cat","embeddable":true,"href":"https:\/\/semaxbrasil.com.br\/index.php?rest_route=%2Fwp%2Fv2%2Fproduct_cat&post=579"},{"taxonomy":"product_tag","embeddable":true,"href":"https:\/\/semaxbrasil.com.br\/index.php?rest_route=%2Fwp%2Fv2%2Fproduct_tag&post=579"}],"curies":[{"name":"wp","href":"https:\/\/api.w.org\/{rel}","templated":true}]}}