{"id":544,"date":"2026-02-17T16:07:40","date_gmt":"2026-02-17T16:07:40","guid":{"rendered":"https:\/\/semaxbrasil.com.br\/?post_type=product&#038;p=544"},"modified":"2026-03-22T21:30:44","modified_gmt":"2026-03-22T21:30:44","slug":"bolsa-mini-bag-oficial-marianna-santos-ms26069","status":"publish","type":"product","link":"https:\/\/semaxbrasil.com.br\/?product=bolsa-mini-bag-oficial-marianna-santos-ms26069","title":{"rendered":"Bolsa Mini Bag Oficial Marianna Santos &#8211; MS26069"},"content":{"rendered":"<p class=\"p2\">Confeccionadas em nylon &gt;&gt; etiqueta e chaveiro de borracha &gt;&gt; banho de metal preto &gt;&gt; forro nude<\/p>\n<p>&nbsp;<\/p>\n","protected":false},"excerpt":{"rendered":"<p class=\"p2\">A nova cole\u00e7\u00e3o da atriz Marianna Santos segue a tend\u00eancia da moda com puxadores de cadar\u00e7o, etiqueta de borracha e chaveiro personalizado.<\/p>\n","protected":false},"featured_media":1027,"comment_status":"open","ping_status":"closed","template":"","meta":[],"product_brand":[],"product_cat":[42,75],"product_tag":[],"class_list":{"0":"post-544","1":"product","2":"type-product","3":"status-publish","4":"has-post-thumbnail","6":"product_cat-marianna-santos","7":"product_cat-verao26","8":"pa_cor-lilas","9":"pa_cor-verde","11":"first","12":"instock","13":"shipping-taxable","14":"product-type-simple"},"_links":{"self":[{"href":"https:\/\/semaxbrasil.com.br\/index.php?rest_route=\/wp\/v2\/product\/544","targetHints":{"allow":["GET"]}}],"collection":[{"href":"https:\/\/semaxbrasil.com.br\/index.php?rest_route=\/wp\/v2\/product"}],"about":[{"href":"https:\/\/semaxbrasil.com.br\/index.php?rest_route=\/wp\/v2\/types\/product"}],"replies":[{"embeddable":true,"href":"https:\/\/semaxbrasil.com.br\/index.php?rest_route=%2Fwp%2Fv2%2Fcomments&post=544"}],"wp:featuredmedia":[{"embeddable":true,"href":"https:\/\/semaxbrasil.com.br\/index.php?rest_route=\/wp\/v2\/media\/1027"}],"wp:attachment":[{"href":"https:\/\/semaxbrasil.com.br\/index.php?rest_route=%2Fwp%2Fv2%2Fmedia&parent=544"}],"wp:term":[{"taxonomy":"product_brand","embeddable":true,"href":"https:\/\/semaxbrasil.com.br\/index.php?rest_route=%2Fwp%2Fv2%2Fproduct_brand&post=544"},{"taxonomy":"product_cat","embeddable":true,"href":"https:\/\/semaxbrasil.com.br\/index.php?rest_route=%2Fwp%2Fv2%2Fproduct_cat&post=544"},{"taxonomy":"product_tag","embeddable":true,"href":"https:\/\/semaxbrasil.com.br\/index.php?rest_route=%2Fwp%2Fv2%2Fproduct_tag&post=544"}],"curies":[{"name":"wp","href":"https:\/\/api.w.org\/{rel}","templated":true}]}}