{"id":510,"date":"2026-02-17T16:07:14","date_gmt":"2026-02-17T16:07:14","guid":{"rendered":"https:\/\/semaxbrasil.com.br\/?post_type=product&#038;p=510"},"modified":"2026-03-22T21:30:18","modified_gmt":"2026-03-22T21:30:18","slug":"bolsa-totebag-oficial-mickey-mouse-mk26077","status":"publish","type":"product","link":"https:\/\/semaxbrasil.com.br\/?product=bolsa-totebag-oficial-mickey-mouse-mk26077","title":{"rendered":"Bolsa Totebag Oficial Mickey Mouse &#8211; MK26077"},"content":{"rendered":"<p class=\"p2\">Confeccionadas em PVC liso com silhueta prensada \u00bb Etiqueta de PVC personalizada e silk com assinatura do Mickey<i>\u00a0<\/i>\u00bb Metais preto \u00bb Forro preto.<\/p>\n<p>&nbsp;<\/p>\n","protected":false},"excerpt":{"rendered":"<p><strong>Estilo College com toque Disney!<\/strong><\/p>\n<p class=\"p2\">A nova linha de bolsas do <strong>Mickey<\/strong> combina <strong>design inspirado nos campus universit\u00e1rios americanos<\/strong> com assinatura ic\u00f4nica do personagem. Traz autenticidade, a versatilidade e o charme atemporal da <strong>est\u00e9tica college<\/strong> junto a for\u00e7a de um \u00edcone que atravessa gera\u00e7\u00f5es.<\/p>\n","protected":false},"featured_media":1022,"comment_status":"open","ping_status":"closed","template":"","meta":[],"product_brand":[],"product_cat":[73,74],"product_tag":[],"class_list":{"0":"post-510","1":"product","2":"type-product","3":"status-publish","4":"has-post-thumbnail","6":"product_cat-mickey-mouse","7":"product_cat-verao26_mickey","8":"pa_tipo-totebag","10":"first","11":"instock","12":"shipping-taxable","13":"product-type-simple"},"_links":{"self":[{"href":"https:\/\/semaxbrasil.com.br\/index.php?rest_route=\/wp\/v2\/product\/510","targetHints":{"allow":["GET"]}}],"collection":[{"href":"https:\/\/semaxbrasil.com.br\/index.php?rest_route=\/wp\/v2\/product"}],"about":[{"href":"https:\/\/semaxbrasil.com.br\/index.php?rest_route=\/wp\/v2\/types\/product"}],"replies":[{"embeddable":true,"href":"https:\/\/semaxbrasil.com.br\/index.php?rest_route=%2Fwp%2Fv2%2Fcomments&post=510"}],"wp:featuredmedia":[{"embeddable":true,"href":"https:\/\/semaxbrasil.com.br\/index.php?rest_route=\/wp\/v2\/media\/1022"}],"wp:attachment":[{"href":"https:\/\/semaxbrasil.com.br\/index.php?rest_route=%2Fwp%2Fv2%2Fmedia&parent=510"}],"wp:term":[{"taxonomy":"product_brand","embeddable":true,"href":"https:\/\/semaxbrasil.com.br\/index.php?rest_route=%2Fwp%2Fv2%2Fproduct_brand&post=510"},{"taxonomy":"product_cat","embeddable":true,"href":"https:\/\/semaxbrasil.com.br\/index.php?rest_route=%2Fwp%2Fv2%2Fproduct_cat&post=510"},{"taxonomy":"product_tag","embeddable":true,"href":"https:\/\/semaxbrasil.com.br\/index.php?rest_route=%2Fwp%2Fv2%2Fproduct_tag&post=510"}],"curies":[{"name":"wp","href":"https:\/\/api.w.org\/{rel}","templated":true}]}}