{"id":501,"date":"2026-02-17T16:07:13","date_gmt":"2026-02-17T16:07:13","guid":{"rendered":"https:\/\/semaxbrasil.com.br\/?post_type=product&#038;p=501"},"modified":"2026-03-22T21:29:46","modified_gmt":"2026-03-22T21:29:46","slug":"bolsa-de-costas-oficial-snoopy-sp26016","status":"publish","type":"product","link":"https:\/\/semaxbrasil.com.br\/?product=bolsa-de-costas-oficial-snoopy-sp26016","title":{"rendered":"Bolsa de Costas Oficial Snoopy &#8211; SP26016"},"content":{"rendered":"<p class=\"p2\">Confeccionadas em nylon com matelass\u00ea quadriculado \u00bb Metais n\u00edquel<i>\u00a0<\/i>\u00bb Chaveiro personalizado<i>\u00a0<\/i>\u00bb Etiqueta de PVC com <em>silk<\/em> \u00bb Forro personalizado.<\/p>\n<p>&nbsp;<\/p>\n","protected":false},"excerpt":{"rendered":"<p><strong>Sporty Vibes!<\/strong><\/p>\n<p class=\"p2\">Chegaram as bolsas que v\u00e3o ganhar seu cora\u00e7\u00e3o! Pr\u00e1ticas e cheias de estilo, elas unem o <strong>estilo esportivo<\/strong> \u00e0 vibe divertida do nosso <em>aumigo<\/em>, ideias para te acompanhar do treino ao passeio.<\/p>\n","protected":false},"featured_media":1005,"comment_status":"open","ping_status":"closed","template":"","meta":[],"product_brand":[],"product_cat":[32,70],"product_tag":[57,71,72],"class_list":{"0":"post-501","1":"product","2":"type-product","3":"status-publish","4":"has-post-thumbnail","6":"product_cat-snoopy","7":"product_cat-verao26_snoopy","8":"product_tag-snoopy","9":"product_tag-sporty-vibes","10":"product_tag-sportyvibes","11":"pa_tipo-bolsa-com-alca","13":"first","14":"instock","15":"shipping-taxable","16":"product-type-simple"},"_links":{"self":[{"href":"https:\/\/semaxbrasil.com.br\/index.php?rest_route=\/wp\/v2\/product\/501","targetHints":{"allow":["GET"]}}],"collection":[{"href":"https:\/\/semaxbrasil.com.br\/index.php?rest_route=\/wp\/v2\/product"}],"about":[{"href":"https:\/\/semaxbrasil.com.br\/index.php?rest_route=\/wp\/v2\/types\/product"}],"replies":[{"embeddable":true,"href":"https:\/\/semaxbrasil.com.br\/index.php?rest_route=%2Fwp%2Fv2%2Fcomments&post=501"}],"wp:featuredmedia":[{"embeddable":true,"href":"https:\/\/semaxbrasil.com.br\/index.php?rest_route=\/wp\/v2\/media\/1005"}],"wp:attachment":[{"href":"https:\/\/semaxbrasil.com.br\/index.php?rest_route=%2Fwp%2Fv2%2Fmedia&parent=501"}],"wp:term":[{"taxonomy":"product_brand","embeddable":true,"href":"https:\/\/semaxbrasil.com.br\/index.php?rest_route=%2Fwp%2Fv2%2Fproduct_brand&post=501"},{"taxonomy":"product_cat","embeddable":true,"href":"https:\/\/semaxbrasil.com.br\/index.php?rest_route=%2Fwp%2Fv2%2Fproduct_cat&post=501"},{"taxonomy":"product_tag","embeddable":true,"href":"https:\/\/semaxbrasil.com.br\/index.php?rest_route=%2Fwp%2Fv2%2Fproduct_tag&post=501"}],"curies":[{"name":"wp","href":"https:\/\/api.w.org\/{rel}","templated":true}]}}