{"id":297,"date":"2026-02-17T16:05:21","date_gmt":"2026-02-17T16:05:21","guid":{"rendered":"https:\/\/semaxbrasil.com.br\/?post_type=product&#038;p=297"},"modified":"2026-03-22T21:25:35","modified_gmt":"2026-03-22T21:25:35","slug":"bolsa-de-costas-hay-up-hu1905mr-lj","status":"publish","type":"product","link":"https:\/\/semaxbrasil.com.br\/?product=bolsa-de-costas-hay-up-hu1905mr-lj","title":{"rendered":"Bolsa de costas Hay Up &#8211; HU1905MR\/LJ"},"content":{"rendered":"<p>Confeccionada com material Tyvek, mat\u00e9ria-prima inteligente, resistente a rasgos e \u00e0 \u00e1gua \u00bb Detalhes e pespontos coloridos \u00bb Forro de algod\u00e3o.<\/p>\n","protected":false},"excerpt":{"rendered":"<p>Entra em evid\u00eancia no mundo da moda um estilo mais leve e simples onde o conforto \u00e9 o foco!<\/p>\n<p>A tend\u00eancia j\u00e1 \u00e9 a ess\u00eancia da Hay Up, que busca criar pe\u00e7as pr\u00e1ticas e b\u00e1sicas, valorizando o bem estar!<\/p>\n","protected":false},"featured_media":883,"comment_status":"open","ping_status":"closed","template":"","meta":[],"product_brand":[],"product_cat":[33],"product_tag":[],"class_list":{"0":"post-297","1":"product","2":"type-product","3":"status-publish","4":"has-post-thumbnail","6":"product_cat-hay-up","7":"pa_tipo-mochila","9":"first","10":"instock","11":"shipping-taxable","12":"product-type-simple"},"_links":{"self":[{"href":"https:\/\/semaxbrasil.com.br\/index.php?rest_route=\/wp\/v2\/product\/297","targetHints":{"allow":["GET"]}}],"collection":[{"href":"https:\/\/semaxbrasil.com.br\/index.php?rest_route=\/wp\/v2\/product"}],"about":[{"href":"https:\/\/semaxbrasil.com.br\/index.php?rest_route=\/wp\/v2\/types\/product"}],"replies":[{"embeddable":true,"href":"https:\/\/semaxbrasil.com.br\/index.php?rest_route=%2Fwp%2Fv2%2Fcomments&post=297"}],"wp:featuredmedia":[{"embeddable":true,"href":"https:\/\/semaxbrasil.com.br\/index.php?rest_route=\/wp\/v2\/media\/883"}],"wp:attachment":[{"href":"https:\/\/semaxbrasil.com.br\/index.php?rest_route=%2Fwp%2Fv2%2Fmedia&parent=297"}],"wp:term":[{"taxonomy":"product_brand","embeddable":true,"href":"https:\/\/semaxbrasil.com.br\/index.php?rest_route=%2Fwp%2Fv2%2Fproduct_brand&post=297"},{"taxonomy":"product_cat","embeddable":true,"href":"https:\/\/semaxbrasil.com.br\/index.php?rest_route=%2Fwp%2Fv2%2Fproduct_cat&post=297"},{"taxonomy":"product_tag","embeddable":true,"href":"https:\/\/semaxbrasil.com.br\/index.php?rest_route=%2Fwp%2Fv2%2Fproduct_tag&post=297"}],"curies":[{"name":"wp","href":"https:\/\/api.w.org\/{rel}","templated":true}]}}