{"id":286,"date":"2026-02-17T16:05:20","date_gmt":"2026-02-17T16:05:20","guid":{"rendered":"https:\/\/semaxbrasil.com.br\/?post_type=product&#038;p=286"},"modified":"2026-03-22T21:25:10","modified_gmt":"2026-03-22T21:25:10","slug":"necessaire-glow-it-gw2504pt","status":"publish","type":"product","link":"https:\/\/semaxbrasil.com.br\/?product=necessaire-glow-it-gw2504pt","title":{"rendered":"Necessaire Glow It &#8211; GW2504PT"},"content":{"rendered":"<p>A necessaire Glow It \u00e9 confeccionada em poli\u00e9ster \u00bb\u00a0Estampa exclusiva \u00bb\u00a0Fechamento em z\u00edper.<\/p>\n","protected":false},"excerpt":{"rendered":"<p>A\u00a0<strong>Glow It\u00a0<\/strong>chega com tend\u00eancias e atitude para as meninas que gostam de moda e t\u00eam estilo pr\u00f3prio!<\/p>\n","protected":false},"featured_media":855,"comment_status":"open","ping_status":"closed","template":"","meta":[],"product_brand":[],"product_cat":[27,25],"product_tag":[],"class_list":{"0":"post-286","1":"product","2":"type-product","3":"status-publish","4":"has-post-thumbnail","6":"product_cat-acessorios","7":"product_cat-glow-it","8":"pa_tipo-necessaire","10":"first","11":"instock","12":"shipping-taxable","13":"product-type-simple"},"_links":{"self":[{"href":"https:\/\/semaxbrasil.com.br\/index.php?rest_route=\/wp\/v2\/product\/286","targetHints":{"allow":["GET"]}}],"collection":[{"href":"https:\/\/semaxbrasil.com.br\/index.php?rest_route=\/wp\/v2\/product"}],"about":[{"href":"https:\/\/semaxbrasil.com.br\/index.php?rest_route=\/wp\/v2\/types\/product"}],"replies":[{"embeddable":true,"href":"https:\/\/semaxbrasil.com.br\/index.php?rest_route=%2Fwp%2Fv2%2Fcomments&post=286"}],"wp:featuredmedia":[{"embeddable":true,"href":"https:\/\/semaxbrasil.com.br\/index.php?rest_route=\/wp\/v2\/media\/855"}],"wp:attachment":[{"href":"https:\/\/semaxbrasil.com.br\/index.php?rest_route=%2Fwp%2Fv2%2Fmedia&parent=286"}],"wp:term":[{"taxonomy":"product_brand","embeddable":true,"href":"https:\/\/semaxbrasil.com.br\/index.php?rest_route=%2Fwp%2Fv2%2Fproduct_brand&post=286"},{"taxonomy":"product_cat","embeddable":true,"href":"https:\/\/semaxbrasil.com.br\/index.php?rest_route=%2Fwp%2Fv2%2Fproduct_cat&post=286"},{"taxonomy":"product_tag","embeddable":true,"href":"https:\/\/semaxbrasil.com.br\/index.php?rest_route=%2Fwp%2Fv2%2Fproduct_tag&post=286"}],"curies":[{"name":"wp","href":"https:\/\/api.w.org\/{rel}","templated":true}]}}