{"id":278,"date":"2026-02-17T16:05:20","date_gmt":"2026-02-17T16:05:20","guid":{"rendered":"https:\/\/semaxbrasil.com.br\/?post_type=product&#038;p=278"},"modified":"2026-03-22T21:24:45","modified_gmt":"2026-03-22T21:24:45","slug":"bolsa-transversal-glow-it-gw2411rx","status":"publish","type":"product","link":"https:\/\/semaxbrasil.com.br\/?product=bolsa-transversal-glow-it-gw2411rx","title":{"rendered":"Bolsa transversal Glow It &#8211; GW2411RX"},"content":{"rendered":"<p>Confeccionada\u00a0em nylon \u00bb Detalhe da al\u00e7a acetinada \u00bb Banho\u00a0do metal preto \u00bb Puxadores do z\u00edper de corda \u00bb Z\u00edper tratorado.<\/p>\n","protected":false},"excerpt":{"rendered":"<p>A\u00a0<strong>Glow It\u00a0<\/strong>chega com tend\u00eancias e atitude para as meninas que gostam de moda e t\u00eam estilo pr\u00f3prio!<\/p>\n<p>Confeccionada\u00a0em nylon \u00bb Detalhe da al\u00e7a acetinada \u00bb Banho\u00a0do metal preto \u00bb Puxadores do z\u00edper de corda \u00bb Z\u00edper tratorado.<\/p>\n","protected":false},"featured_media":836,"comment_status":"open","ping_status":"closed","template":"","meta":[],"product_brand":[],"product_cat":[25],"product_tag":[26],"class_list":{"0":"post-278","1":"product","2":"type-product","3":"status-publish","4":"has-post-thumbnail","6":"product_cat-glow-it","7":"product_tag-shoulder-bag","8":"pa_tipo-tiracolo","10":"first","11":"instock","12":"shipping-taxable","13":"product-type-simple"},"_links":{"self":[{"href":"https:\/\/semaxbrasil.com.br\/index.php?rest_route=\/wp\/v2\/product\/278","targetHints":{"allow":["GET"]}}],"collection":[{"href":"https:\/\/semaxbrasil.com.br\/index.php?rest_route=\/wp\/v2\/product"}],"about":[{"href":"https:\/\/semaxbrasil.com.br\/index.php?rest_route=\/wp\/v2\/types\/product"}],"replies":[{"embeddable":true,"href":"https:\/\/semaxbrasil.com.br\/index.php?rest_route=%2Fwp%2Fv2%2Fcomments&post=278"}],"wp:featuredmedia":[{"embeddable":true,"href":"https:\/\/semaxbrasil.com.br\/index.php?rest_route=\/wp\/v2\/media\/836"}],"wp:attachment":[{"href":"https:\/\/semaxbrasil.com.br\/index.php?rest_route=%2Fwp%2Fv2%2Fmedia&parent=278"}],"wp:term":[{"taxonomy":"product_brand","embeddable":true,"href":"https:\/\/semaxbrasil.com.br\/index.php?rest_route=%2Fwp%2Fv2%2Fproduct_brand&post=278"},{"taxonomy":"product_cat","embeddable":true,"href":"https:\/\/semaxbrasil.com.br\/index.php?rest_route=%2Fwp%2Fv2%2Fproduct_cat&post=278"},{"taxonomy":"product_tag","embeddable":true,"href":"https:\/\/semaxbrasil.com.br\/index.php?rest_route=%2Fwp%2Fv2%2Fproduct_tag&post=278"}],"curies":[{"name":"wp","href":"https:\/\/api.w.org\/{rel}","templated":true}]}}