{"id":107,"date":"2026-01-19T20:23:09","date_gmt":"2026-01-19T20:23:09","guid":{"rendered":"https:\/\/semaxbrasil.com.br\/?page_id=107"},"modified":"2026-01-19T20:29:04","modified_gmt":"2026-01-19T20:29:04","slug":"quem-smos","status":"publish","type":"page","link":"https:\/\/semaxbrasil.com.br\/?page_id=107","title":{"rendered":"Quem Smos"},"content":{"rendered":"\t\t<div data-elementor-type=\"wp-page\" data-elementor-id=\"107\" class=\"elementor elementor-107\" data-elementor-post-type=\"page\">\n\t\t\t\t<div class=\"elementor-element elementor-element-0e303fd e-grid e-con-boxed e-con e-parent\" data-id=\"0e303fd\" data-element_type=\"container\" data-settings=\"{&quot;background_background&quot;:&quot;classic&quot;}\">\n\t\t\t\t\t<div class=\"e-con-inner\">\n\t\t<div class=\"elementor-element elementor-element-e58224c e-con-full e-flex e-con e-child\" data-id=\"e58224c\" data-element_type=\"container\">\n\t\t\t\t<div class=\"elementor-element elementor-element-8ac3fbb elementor-widget elementor-widget-heading\" data-id=\"8ac3fbb\" data-element_type=\"widget\" data-widget_type=\"heading.default\">\n\t\t\t\t\t<h2 class=\"elementor-heading-title elementor-size-default\">SOBRE A SEMAX<\/h2>\t\t\t\t<\/div>\n\t\t\t\t<div class=\"elementor-element elementor-element-84f27e1 elementor-widget elementor-widget-text-editor\" data-id=\"84f27e1\" data-element_type=\"widget\" data-widget_type=\"text-editor.default\">\n\t\t\t\t\t\t\t\t\t<p>Com mais de 40 anos de tradi\u00e7\u00e3o no mercado, a Semax, possui uma hist\u00f3ria pautada em qualidade e inova\u00e7\u00e3o. A empresa foi fundada em 1979, no Rio de Janeiro, e iniciou suas atividades como fabricante de mochilas escolares, mas firmou seu nome na cria\u00e7\u00e3o e importa\u00e7\u00e3o de bolsas e acess\u00f3rios, uma pioneira no setor.<\/p><p>Com sua evolu\u00e7\u00e3o e amadurecimento, ganhou notoriedade no mercado e um p\u00fablico feminino fiel, cativado por pe\u00e7as desenvolvidas com personagens licenciados como Rebecca Bonbon, Betty Boop, Garfield e Snoopy. A empresa tamb\u00e9m trabalha com marcas pr\u00f3prias como Alice Palucci e Glow It, que representam em seus produtos todo o estilo da mulher moderna.<\/p><p>A Semax prima pelo alto padr\u00e3o de qualidade e originalidade, caracter\u00edsticas que sempre permearam o portf\u00f3lio de cole\u00e7\u00f5es da empresa, l\u00edder de vendas em todo o territ\u00f3rio nacional.<\/p>\t\t\t\t\t\t\t\t<\/div>\n\t\t\t\t<\/div>\n\t\t\t\t<div class=\"elementor-element elementor-element-c45629d elementor-widget elementor-widget-image\" data-id=\"c45629d\" data-element_type=\"widget\" data-widget_type=\"image.default\">\n\t\t\t\t\t\t\t\t\t\t\t\t\t\t\t<img fetchpriority=\"high\" decoding=\"async\" width=\"450\" height=\"570\" src=\"\/wp-content\/uploads\/2026\/01\/banner_quemsomos.png\" class=\"attachment-large size-large wp-image-109\" alt=\"\" srcset=\"\/wp-content\/uploads\/2026\/01\/banner_quemsomos.png 450w, \/wp-content\/uploads\/2026\/01\/banner_quemsomos-64x81.png 64w, \/wp-content\/uploads\/2026\/01\/banner_quemsomos-237x300.png 237w\" sizes=\"(max-width: 450px) 100vw, 450px\" \/>\t\t\t\t\t\t\t\t\t\t\t\t\t\t\t<\/div>\n\t\t\t\t\t<\/div>\n\t\t\t\t<\/div>\n\t\t\t\t<\/div>\n\t\t","protected":false},"excerpt":{"rendered":"<p>SOBRE A SEMAX Com mais de 40 anos de tradi\u00e7\u00e3o no mercado, a Semax, possui uma hist\u00f3ria pautada em qualidade e inova\u00e7\u00e3o. A empresa foi fundada em 1979, no Rio de Janeiro, e iniciou suas atividades como fabricante de mochilas escolares, mas firmou seu nome na cria\u00e7\u00e3o e importa\u00e7\u00e3o de bolsas e acess\u00f3rios, uma pioneira [&hellip;]<\/p>\n","protected":false},"author":1,"featured_media":0,"parent":0,"menu_order":0,"comment_status":"closed","ping_status":"closed","template":"","meta":{"footnotes":""},"class_list":["post-107","page","type-page","status-publish","hentry"],"_links":{"self":[{"href":"https:\/\/semaxbrasil.com.br\/index.php?rest_route=\/wp\/v2\/pages\/107","targetHints":{"allow":["GET"]}}],"collection":[{"href":"https:\/\/semaxbrasil.com.br\/index.php?rest_route=\/wp\/v2\/pages"}],"about":[{"href":"https:\/\/semaxbrasil.com.br\/index.php?rest_route=\/wp\/v2\/types\/page"}],"author":[{"embeddable":true,"href":"https:\/\/semaxbrasil.com.br\/index.php?rest_route=\/wp\/v2\/users\/1"}],"replies":[{"embeddable":true,"href":"https:\/\/semaxbrasil.com.br\/index.php?rest_route=%2Fwp%2Fv2%2Fcomments&post=107"}],"version-history":[{"count":5,"href":"https:\/\/semaxbrasil.com.br\/index.php?rest_route=\/wp\/v2\/pages\/107\/revisions"}],"predecessor-version":[{"id":118,"href":"https:\/\/semaxbrasil.com.br\/index.php?rest_route=\/wp\/v2\/pages\/107\/revisions\/118"}],"wp:attachment":[{"href":"https:\/\/semaxbrasil.com.br\/index.php?rest_route=%2Fwp%2Fv2%2Fmedia&parent=107"}],"curies":[{"name":"wp","href":"https:\/\/api.w.org\/{rel}","templated":true}]}}